{"id":2998,"date":"2018-11-14T09:47:12","date_gmt":"2018-11-14T08:47:12","guid":{"rendered":"http:\/\/www.facc-art.it\/?post_type=product&#038;p=2998"},"modified":"2019-02-06T11:18:51","modified_gmt":"2019-02-06T10:18:51","slug":"la-sinterracotta","status":"publish","type":"product","link":"https:\/\/www.facc-art.it\/en\/product\/la-sinterracotta\/","title":{"rendered":"LA SINTERRACOTTA | Giovanni Cimatti"},"content":{"rendered":"","protected":false},"excerpt":{"rendered":"<p><strong>Monocottura con gres a partire da 1050 gradi<\/strong><\/p>\n<p style=\"text-align: justify;\">Una buona ceramica si distingue non solo per come \u00e8 rivestita e la sua intrinseca arte ma sopratutto per il suo corpo che \u00e8 forte e compatto quando \u00e8 realizzata in gres. Oggi \u00e8 possibile utilizzare un innovativo gres bianco, anche senza raggiungere la faticosa e costosa alta temperatura, ed avere la sinterizzazione di questa argilla in tutti i tipi di forni per ceramica.<\/p>\n<p style=\"text-align: justify;\">Durante il corso faremo anche esperienza di come sia possibile ridurre ulteriormente i costi facendo una cottura unica di argilla e smalti che viene infatti definita monocottura. Useremo un&#8217;argilla plastica che rende facile modellare qualsiasi tipo di forma e particolari medium per l&#8217;applicazione a pennello di rivestimenti che saranno campiti anche con l&#8217;impiego di maschere adesive. Sara possibile infine anche applicare, in seconda cottura a 900 gradi, un simpatico e innovativo smalto oro.<\/p>\n<p style=\"text-align: justify;\">Il corso di 14 ore inizia alle ore 9.00 e termina alle ore 17:00 del sabato e inizia alle ore 9:00 e termina alle ore 16.00 della domenica.<\/p>\n<p>Compreso nel corso:<\/p>\n<p style=\"text-align: justify;\"><strong>14 ore di docenza | i materiali necessari allo svolgimento del corso | le cotture | nr. 2 pasti brunch (colazione e pranzo) | una scatola omaggio (con campionatura dei materiali utilizzati durante il corso)<\/strong><\/p>\n<p>Docente: <a href=\"http:\/\/www.giovannicimatti.it\/\"><strong>Giovanni Cimatti<\/strong><\/a><\/p>\n<p><a href=\"http:\/\/www.facc-art.it\/wp-content\/uploads\/2018\/11\/02-Programma-la-sinterracotta-1.pdf\"><strong> <u>Scarica il programma in formato pdf<\/u><\/strong><\/a><\/p>\n<p lang=\"en-GB\">To confirm your inscription you have to make a bank transfer of a deposit or the total<br \/>\namount.<\/p>\n","protected":false},"featured_media":2997,"template":"","meta":[],"product_brand":[],"product_cat":[65],"product_tag":[],"class_list":{"0":"post-2998","1":"product","2":"type-product","3":"status-publish","4":"has-post-thumbnail","6":"product_cat-ceramic-workshop-archive","8":"first","9":"instock","10":"shipping-taxable","11":"product-type-simple"},"yoast_head":"<!-- This site is optimized with the Yoast SEO plugin v27.4 - https:\/\/yoast.com\/product\/yoast-seo-wordpress\/ -->\n<title>LA SINTERRACOTTA | Giovanni Cimatti<\/title>\n<meta name=\"description\" content=\"Monocottura con gres a partire da 1050 gradi Una buona ceramica si distingue non solo per come \u00e8 rivestita e la sua intrinseca arte ma sopratutto per il suo corpo che \u00e8 forte e compatto quando \u00e8 realizzata in gres. Oggi \u00e8 possibile utilizzare un innovativo gres bianco, anche senza raggiungere la faticosa e costosa alta temperatura, ed avere la sinterizzazione di questa argilla in tutti i tipi di forni per ceramica. Durante il corso faremo anche esperienza di come sia possibile ridurre ulteriormente i costi facendo una cottura unica di argilla e smalti che viene infatti definita monocottura. Useremo un&#039;argilla plastica che rende facile modellare qualsiasi tipo di forma e particolari medium per l&#039;applicazione a pennello di rivestimenti che saranno campiti anche con l&#039;impiego di maschere adesive. Sara possibile infine anche applicare, in seconda cottura a 900 gradi, un simpatico e innovativo smalto oro. Il corso di 14 ore inizia alle ore 9.00 e termina alle ore 17:00 del sabato e inizia alle ore 9:00 e termina alle ore 16.00 della domenica. Compreso nel corso: 14 ore di docenza | i materiali necessari allo svolgimento del corso | le cotture | nr. 2 pasti brunch (colazione e pranzo) | una scatola omaggio (con campionatura dei materiali utilizzati durante il corso) Docente: Giovanni Cimatti   Scarica il programma in formato pdf To confirm your inscription you have to make a bank transfer of a deposit or the total amount.\" \/>\n<meta name=\"robots\" content=\"index, follow, max-snippet:-1, max-image-preview:large, max-video-preview:-1\" \/>\n<link rel=\"canonical\" href=\"https:\/\/www.facc-art.it\/en\/product\/la-sinterracotta\/\" \/>\n<meta property=\"og:locale\" content=\"en_US\" \/>\n<meta property=\"og:type\" content=\"article\" \/>\n<meta property=\"og:title\" content=\"LA SINTERRACOTTA | Giovanni Cimatti\" \/>\n<meta property=\"og:description\" content=\"Monocottura con gres a partire da 1050 gradi Una buona ceramica si distingue non solo per come \u00e8 rivestita e la sua intrinseca arte ma sopratutto per il suo corpo che \u00e8 forte e compatto quando \u00e8 realizzata in gres. Oggi \u00e8 possibile utilizzare un innovativo gres bianco, anche senza raggiungere la faticosa e costosa alta temperatura, ed avere la sinterizzazione di questa argilla in tutti i tipi di forni per ceramica. Durante il corso faremo anche esperienza di come sia possibile ridurre ulteriormente i costi facendo una cottura unica di argilla e smalti che viene infatti definita monocottura. Useremo un&#039;argilla plastica che rende facile modellare qualsiasi tipo di forma e particolari medium per l&#039;applicazione a pennello di rivestimenti che saranno campiti anche con l&#039;impiego di maschere adesive. Sara possibile infine anche applicare, in seconda cottura a 900 gradi, un simpatico e innovativo smalto oro. Il corso di 14 ore inizia alle ore 9.00 e termina alle ore 17:00 del sabato e inizia alle ore 9:00 e termina alle ore 16.00 della domenica. Compreso nel corso: 14 ore di docenza | i materiali necessari allo svolgimento del corso | le cotture | nr. 2 pasti brunch (colazione e pranzo) | una scatola omaggio (con campionatura dei materiali utilizzati durante il corso) Docente: Giovanni Cimatti   Scarica il programma in formato pdf To confirm your inscription you have to make a bank transfer of a deposit or the total amount.\" \/>\n<meta property=\"og:url\" content=\"https:\/\/www.facc-art.it\/en\/product\/la-sinterracotta\/\" \/>\n<meta property=\"og:site_name\" content=\"Faenza Art Ceramic Center\" \/>\n<meta property=\"article:publisher\" content=\"https:\/\/www.facebook.com\/FaenzaArtCeramicCenter\/\" \/>\n<meta property=\"article:modified_time\" content=\"2019-02-06T10:18:51+00:00\" \/>\n<meta property=\"og:image\" content=\"https:\/\/www.facc-art.it\/wp-content\/uploads\/2018\/11\/gres.jpg\" \/>\n\t<meta property=\"og:image:width\" content=\"500\" \/>\n\t<meta property=\"og:image:height\" content=\"500\" \/>\n\t<meta property=\"og:image:type\" content=\"image\/jpeg\" \/>\n<meta name=\"twitter:card\" content=\"summary_large_image\" \/>\n<script type=\"application\/ld+json\" class=\"yoast-schema-graph\">{\"@context\":\"https:\\\/\\\/schema.org\",\"@graph\":[{\"@type\":\"WebPage\",\"@id\":\"https:\\\/\\\/www.facc-art.it\\\/en\\\/product\\\/la-sinterracotta\\\/\",\"url\":\"https:\\\/\\\/www.facc-art.it\\\/en\\\/product\\\/la-sinterracotta\\\/\",\"name\":\"LA SINTERRACOTTA | Giovanni Cimatti\",\"isPartOf\":{\"@id\":\"https:\\\/\\\/www.facc-art.it\\\/en\\\/#website\"},\"primaryImageOfPage\":{\"@id\":\"https:\\\/\\\/www.facc-art.it\\\/en\\\/product\\\/la-sinterracotta\\\/#primaryimage\"},\"image\":{\"@id\":\"https:\\\/\\\/www.facc-art.it\\\/en\\\/product\\\/la-sinterracotta\\\/#primaryimage\"},\"thumbnailUrl\":\"https:\\\/\\\/www.facc-art.it\\\/wp-content\\\/uploads\\\/2018\\\/11\\\/gres.jpg\",\"datePublished\":\"2018-11-14T08:47:12+00:00\",\"dateModified\":\"2019-02-06T10:18:51+00:00\",\"description\":\"Monocottura con gres a partire da 1050 gradi Una buona ceramica si distingue non solo per come \u00e8 rivestita e la sua intrinseca arte ma sopratutto per il suo corpo che \u00e8 forte e compatto quando \u00e8 realizzata in gres. Oggi \u00e8 possibile utilizzare un innovativo gres bianco, anche senza raggiungere la faticosa e costosa alta temperatura, ed avere la sinterizzazione di questa argilla in tutti i tipi di forni per ceramica. Durante il corso faremo anche esperienza di come sia possibile ridurre ulteriormente i costi facendo una cottura unica di argilla e smalti che viene infatti definita monocottura. Useremo un'argilla plastica che rende facile modellare qualsiasi tipo di forma e particolari medium per l'applicazione a pennello di rivestimenti che saranno campiti anche con l'impiego di maschere adesive. Sara possibile infine anche applicare, in seconda cottura a 900 gradi, un simpatico e innovativo smalto oro. Il corso di 14 ore inizia alle ore 9.00 e termina alle ore 17:00 del sabato e inizia alle ore 9:00 e termina alle ore 16.00 della domenica. Compreso nel corso: 14 ore di docenza | i materiali necessari allo svolgimento del corso | le cotture | nr. 2 pasti brunch (colazione e pranzo) | una scatola omaggio (con campionatura dei materiali utilizzati durante il corso) Docente: Giovanni Cimatti Scarica il programma in formato pdf To confirm your inscription you have to make a bank transfer of a deposit or the total amount.\",\"breadcrumb\":{\"@id\":\"https:\\\/\\\/www.facc-art.it\\\/en\\\/product\\\/la-sinterracotta\\\/#breadcrumb\"},\"inLanguage\":\"en-US\",\"potentialAction\":[{\"@type\":\"ReadAction\",\"target\":[\"https:\\\/\\\/www.facc-art.it\\\/en\\\/product\\\/la-sinterracotta\\\/\"]}]},{\"@type\":\"ImageObject\",\"inLanguage\":\"en-US\",\"@id\":\"https:\\\/\\\/www.facc-art.it\\\/en\\\/product\\\/la-sinterracotta\\\/#primaryimage\",\"url\":\"https:\\\/\\\/www.facc-art.it\\\/wp-content\\\/uploads\\\/2018\\\/11\\\/gres.jpg\",\"contentUrl\":\"https:\\\/\\\/www.facc-art.it\\\/wp-content\\\/uploads\\\/2018\\\/11\\\/gres.jpg\",\"width\":500,\"height\":500},{\"@type\":\"BreadcrumbList\",\"@id\":\"https:\\\/\\\/www.facc-art.it\\\/en\\\/product\\\/la-sinterracotta\\\/#breadcrumb\",\"itemListElement\":[{\"@type\":\"ListItem\",\"position\":1,\"name\":\"Home\",\"item\":\"https:\\\/\\\/www.facc-art.it\\\/en\\\/\"},{\"@type\":\"ListItem\",\"position\":2,\"name\":\"Private: Shop\",\"item\":\"https:\\\/\\\/www.facc-art.it\\\/en\\\/?page_id=825\"},{\"@type\":\"ListItem\",\"position\":3,\"name\":\"LA SINTERRACOTTA | Giovanni Cimatti\"}]},{\"@type\":\"WebSite\",\"@id\":\"https:\\\/\\\/www.facc-art.it\\\/en\\\/#website\",\"url\":\"https:\\\/\\\/www.facc-art.it\\\/en\\\/\",\"name\":\"Faenza Art Ceramic Center\",\"description\":\"Faenza Art Ceramic Center propone corsi di ceramica e di arte in generale, workshop, residenze d&#039;artista\",\"publisher\":{\"@id\":\"https:\\\/\\\/www.facc-art.it\\\/en\\\/#organization\"},\"potentialAction\":[{\"@type\":\"SearchAction\",\"target\":{\"@type\":\"EntryPoint\",\"urlTemplate\":\"https:\\\/\\\/www.facc-art.it\\\/en\\\/?s={search_term_string}\"},\"query-input\":{\"@type\":\"PropertyValueSpecification\",\"valueRequired\":true,\"valueName\":\"search_term_string\"}}],\"inLanguage\":\"en-US\"},{\"@type\":\"Organization\",\"@id\":\"https:\\\/\\\/www.facc-art.it\\\/en\\\/#organization\",\"name\":\"Faenza Art Ceramic Center\",\"url\":\"https:\\\/\\\/www.facc-art.it\\\/en\\\/\",\"logo\":{\"@type\":\"ImageObject\",\"inLanguage\":\"en-US\",\"@id\":\"https:\\\/\\\/www.facc-art.it\\\/en\\\/#\\\/schema\\\/logo\\\/image\\\/\",\"url\":\"https:\\\/\\\/www.facc-art.it\\\/wp-content\\\/uploads\\\/2017\\\/06\\\/logo-facc0.1.jpg\",\"contentUrl\":\"https:\\\/\\\/www.facc-art.it\\\/wp-content\\\/uploads\\\/2017\\\/06\\\/logo-facc0.1.jpg\",\"width\":400,\"height\":69,\"caption\":\"Faenza Art Ceramic Center\"},\"image\":{\"@id\":\"https:\\\/\\\/www.facc-art.it\\\/en\\\/#\\\/schema\\\/logo\\\/image\\\/\"},\"sameAs\":[\"https:\\\/\\\/www.facebook.com\\\/FaenzaArtCeramicCenter\\\/\",\"https:\\\/\\\/www.instagram.com\\\/faenza_art_ceramic_center\\\/\",\"https:\\\/\\\/www.youtube.com\\\/@FaenzaArtCeramicCenter-j8v\"]}]}<\/script>\n<!-- \/ Yoast SEO plugin. -->","yoast_head_json":{"title":"LA SINTERRACOTTA | Giovanni Cimatti","description":"Monocottura con gres a partire da 1050 gradi Una buona ceramica si distingue non solo per come \u00e8 rivestita e la sua intrinseca arte ma sopratutto per il suo corpo che \u00e8 forte e compatto quando \u00e8 realizzata in gres. Oggi \u00e8 possibile utilizzare un innovativo gres bianco, anche senza raggiungere la faticosa e costosa alta temperatura, ed avere la sinterizzazione di questa argilla in tutti i tipi di forni per ceramica. Durante il corso faremo anche esperienza di come sia possibile ridurre ulteriormente i costi facendo una cottura unica di argilla e smalti che viene infatti definita monocottura. Useremo un'argilla plastica che rende facile modellare qualsiasi tipo di forma e particolari medium per l'applicazione a pennello di rivestimenti che saranno campiti anche con l'impiego di maschere adesive. Sara possibile infine anche applicare, in seconda cottura a 900 gradi, un simpatico e innovativo smalto oro. Il corso di 14 ore inizia alle ore 9.00 e termina alle ore 17:00 del sabato e inizia alle ore 9:00 e termina alle ore 16.00 della domenica. Compreso nel corso: 14 ore di docenza | i materiali necessari allo svolgimento del corso | le cotture | nr. 2 pasti brunch (colazione e pranzo) | una scatola omaggio (con campionatura dei materiali utilizzati durante il corso) Docente: Giovanni Cimatti   Scarica il programma in formato pdf To confirm your inscription you have to make a bank transfer of a deposit or the total amount.","robots":{"index":"index","follow":"follow","max-snippet":"max-snippet:-1","max-image-preview":"max-image-preview:large","max-video-preview":"max-video-preview:-1"},"canonical":"https:\/\/www.facc-art.it\/en\/product\/la-sinterracotta\/","og_locale":"en_US","og_type":"article","og_title":"LA SINTERRACOTTA | Giovanni Cimatti","og_description":"Monocottura con gres a partire da 1050 gradi Una buona ceramica si distingue non solo per come \u00e8 rivestita e la sua intrinseca arte ma sopratutto per il suo corpo che \u00e8 forte e compatto quando \u00e8 realizzata in gres. Oggi \u00e8 possibile utilizzare un innovativo gres bianco, anche senza raggiungere la faticosa e costosa alta temperatura, ed avere la sinterizzazione di questa argilla in tutti i tipi di forni per ceramica. Durante il corso faremo anche esperienza di come sia possibile ridurre ulteriormente i costi facendo una cottura unica di argilla e smalti che viene infatti definita monocottura. Useremo un'argilla plastica che rende facile modellare qualsiasi tipo di forma e particolari medium per l'applicazione a pennello di rivestimenti che saranno campiti anche con l'impiego di maschere adesive. Sara possibile infine anche applicare, in seconda cottura a 900 gradi, un simpatico e innovativo smalto oro. Il corso di 14 ore inizia alle ore 9.00 e termina alle ore 17:00 del sabato e inizia alle ore 9:00 e termina alle ore 16.00 della domenica. Compreso nel corso: 14 ore di docenza | i materiali necessari allo svolgimento del corso | le cotture | nr. 2 pasti brunch (colazione e pranzo) | una scatola omaggio (con campionatura dei materiali utilizzati durante il corso) Docente: Giovanni Cimatti   Scarica il programma in formato pdf To confirm your inscription you have to make a bank transfer of a deposit or the total amount.","og_url":"https:\/\/www.facc-art.it\/en\/product\/la-sinterracotta\/","og_site_name":"Faenza Art Ceramic Center","article_publisher":"https:\/\/www.facebook.com\/FaenzaArtCeramicCenter\/","article_modified_time":"2019-02-06T10:18:51+00:00","og_image":[{"width":500,"height":500,"url":"https:\/\/www.facc-art.it\/wp-content\/uploads\/2018\/11\/gres.jpg","type":"image\/jpeg"}],"twitter_card":"summary_large_image","schema":{"@context":"https:\/\/schema.org","@graph":[{"@type":"WebPage","@id":"https:\/\/www.facc-art.it\/en\/product\/la-sinterracotta\/","url":"https:\/\/www.facc-art.it\/en\/product\/la-sinterracotta\/","name":"LA SINTERRACOTTA | Giovanni Cimatti","isPartOf":{"@id":"https:\/\/www.facc-art.it\/en\/#website"},"primaryImageOfPage":{"@id":"https:\/\/www.facc-art.it\/en\/product\/la-sinterracotta\/#primaryimage"},"image":{"@id":"https:\/\/www.facc-art.it\/en\/product\/la-sinterracotta\/#primaryimage"},"thumbnailUrl":"https:\/\/www.facc-art.it\/wp-content\/uploads\/2018\/11\/gres.jpg","datePublished":"2018-11-14T08:47:12+00:00","dateModified":"2019-02-06T10:18:51+00:00","description":"Monocottura con gres a partire da 1050 gradi Una buona ceramica si distingue non solo per come \u00e8 rivestita e la sua intrinseca arte ma sopratutto per il suo corpo che \u00e8 forte e compatto quando \u00e8 realizzata in gres. Oggi \u00e8 possibile utilizzare un innovativo gres bianco, anche senza raggiungere la faticosa e costosa alta temperatura, ed avere la sinterizzazione di questa argilla in tutti i tipi di forni per ceramica. Durante il corso faremo anche esperienza di come sia possibile ridurre ulteriormente i costi facendo una cottura unica di argilla e smalti che viene infatti definita monocottura. Useremo un'argilla plastica che rende facile modellare qualsiasi tipo di forma e particolari medium per l'applicazione a pennello di rivestimenti che saranno campiti anche con l'impiego di maschere adesive. Sara possibile infine anche applicare, in seconda cottura a 900 gradi, un simpatico e innovativo smalto oro. Il corso di 14 ore inizia alle ore 9.00 e termina alle ore 17:00 del sabato e inizia alle ore 9:00 e termina alle ore 16.00 della domenica. Compreso nel corso: 14 ore di docenza | i materiali necessari allo svolgimento del corso | le cotture | nr. 2 pasti brunch (colazione e pranzo) | una scatola omaggio (con campionatura dei materiali utilizzati durante il corso) Docente: Giovanni Cimatti Scarica il programma in formato pdf To confirm your inscription you have to make a bank transfer of a deposit or the total amount.","breadcrumb":{"@id":"https:\/\/www.facc-art.it\/en\/product\/la-sinterracotta\/#breadcrumb"},"inLanguage":"en-US","potentialAction":[{"@type":"ReadAction","target":["https:\/\/www.facc-art.it\/en\/product\/la-sinterracotta\/"]}]},{"@type":"ImageObject","inLanguage":"en-US","@id":"https:\/\/www.facc-art.it\/en\/product\/la-sinterracotta\/#primaryimage","url":"https:\/\/www.facc-art.it\/wp-content\/uploads\/2018\/11\/gres.jpg","contentUrl":"https:\/\/www.facc-art.it\/wp-content\/uploads\/2018\/11\/gres.jpg","width":500,"height":500},{"@type":"BreadcrumbList","@id":"https:\/\/www.facc-art.it\/en\/product\/la-sinterracotta\/#breadcrumb","itemListElement":[{"@type":"ListItem","position":1,"name":"Home","item":"https:\/\/www.facc-art.it\/en\/"},{"@type":"ListItem","position":2,"name":"Private: Shop","item":"https:\/\/www.facc-art.it\/en\/?page_id=825"},{"@type":"ListItem","position":3,"name":"LA SINTERRACOTTA | Giovanni Cimatti"}]},{"@type":"WebSite","@id":"https:\/\/www.facc-art.it\/en\/#website","url":"https:\/\/www.facc-art.it\/en\/","name":"Faenza Art Ceramic Center","description":"Faenza Art Ceramic Center propone corsi di ceramica e di arte in generale, workshop, residenze d&#039;artista","publisher":{"@id":"https:\/\/www.facc-art.it\/en\/#organization"},"potentialAction":[{"@type":"SearchAction","target":{"@type":"EntryPoint","urlTemplate":"https:\/\/www.facc-art.it\/en\/?s={search_term_string}"},"query-input":{"@type":"PropertyValueSpecification","valueRequired":true,"valueName":"search_term_string"}}],"inLanguage":"en-US"},{"@type":"Organization","@id":"https:\/\/www.facc-art.it\/en\/#organization","name":"Faenza Art Ceramic Center","url":"https:\/\/www.facc-art.it\/en\/","logo":{"@type":"ImageObject","inLanguage":"en-US","@id":"https:\/\/www.facc-art.it\/en\/#\/schema\/logo\/image\/","url":"https:\/\/www.facc-art.it\/wp-content\/uploads\/2017\/06\/logo-facc0.1.jpg","contentUrl":"https:\/\/www.facc-art.it\/wp-content\/uploads\/2017\/06\/logo-facc0.1.jpg","width":400,"height":69,"caption":"Faenza Art Ceramic Center"},"image":{"@id":"https:\/\/www.facc-art.it\/en\/#\/schema\/logo\/image\/"},"sameAs":["https:\/\/www.facebook.com\/FaenzaArtCeramicCenter\/","https:\/\/www.instagram.com\/faenza_art_ceramic_center\/","https:\/\/www.youtube.com\/@FaenzaArtCeramicCenter-j8v"]}]}},"_links":{"self":[{"href":"https:\/\/www.facc-art.it\/en\/wp-json\/wp\/v2\/product\/2998","targetHints":{"allow":["GET"]}}],"collection":[{"href":"https:\/\/www.facc-art.it\/en\/wp-json\/wp\/v2\/product"}],"about":[{"href":"https:\/\/www.facc-art.it\/en\/wp-json\/wp\/v2\/types\/product"}],"wp:featuredmedia":[{"embeddable":true,"href":"https:\/\/www.facc-art.it\/en\/wp-json\/wp\/v2\/media\/2997"}],"wp:attachment":[{"href":"https:\/\/www.facc-art.it\/en\/wp-json\/wp\/v2\/media?parent=2998"}],"wp:term":[{"taxonomy":"product_brand","embeddable":true,"href":"https:\/\/www.facc-art.it\/en\/wp-json\/wp\/v2\/product_brand?post=2998"},{"taxonomy":"product_cat","embeddable":true,"href":"https:\/\/www.facc-art.it\/en\/wp-json\/wp\/v2\/product_cat?post=2998"},{"taxonomy":"product_tag","embeddable":true,"href":"https:\/\/www.facc-art.it\/en\/wp-json\/wp\/v2\/product_tag?post=2998"}],"curies":[{"name":"wp","href":"https:\/\/api.w.org\/{rel}","templated":true}]}}